{"id":2399,"date":"2025-03-29T14:04:16","date_gmt":"2025-03-29T14:04:16","guid":{"rendered":"https:\/\/re7.cl\/s2024re7\/?page_id=2399"},"modified":"2025-03-29T14:45:18","modified_gmt":"2025-03-29T14:45:18","slug":"elementor-2399","status":"publish","type":"page","link":"https:\/\/re7.cl\/ondatuvida2025\/index.php\/elementor-2399\/","title":{"rendered":"Elementor #2399"},"content":{"rendered":"\t\t<div data-elementor-type=\"wp-page\" data-elementor-id=\"2399\" class=\"elementor elementor-2399\" data-elementor-settings=\"{&quot;ha_cmc_init_switcher&quot;:&quot;no&quot;}\" data-elementor-post-type=\"page\">\n\t\t\t\t<div class=\"elementor-element elementor-element-126880d e-flex e-con-boxed e-con e-parent\" data-id=\"126880d\" data-element_type=\"container\" data-settings=\"{&quot;_ha_eqh_enable&quot;:false}\">\n\t\t\t\t\t<div class=\"e-con-inner\">\n\t\t\t\t<div class=\"elementor-element elementor-element-6ee8024 ha-has-bg-overlay elementor-widget elementor-widget-text-editor\" data-id=\"6ee8024\" data-element_type=\"widget\" data-widget_type=\"text-editor.default\">\n\t\t\t\t<div class=\"elementor-widget-container\">\n\t\t\t<style>\/*! elementor - v3.21.0 - 26-05-2024 *\/\n.elementor-widget-text-editor.elementor-drop-cap-view-stacked .elementor-drop-cap{background-color:#69727d;color:#fff}.elementor-widget-text-editor.elementor-drop-cap-view-framed .elementor-drop-cap{color:#69727d;border:3px solid;background-color:transparent}.elementor-widget-text-editor:not(.elementor-drop-cap-view-default) .elementor-drop-cap{margin-top:8px}.elementor-widget-text-editor:not(.elementor-drop-cap-view-default) .elementor-drop-cap-letter{width:1em;height:1em}.elementor-widget-text-editor .elementor-drop-cap{float:left;text-align:center;line-height:1;font-size:50px}.elementor-widget-text-editor .elementor-drop-cap-letter{display:inline-block}<\/style>\t\t\t\t<p>\u00bfCu\u00e1l fue el primero?<\/p><p>En cuanto al homicidio frustrado, seg\u00fan versiones extraoficiales, los hechos se registraron en horas de la madrugada al interior de un domicilio en la comuna de\u00a0<strong>Longav\u00ed<\/strong>, provincia de\u00a0<strong>Linares<\/strong>.<\/p><p>\u00bfQu\u00e9 pas\u00f3?<\/p><p>En este lugar ocurri\u00f3 una ri\u00f1a entre dos sujetos de\u00a0<strong>29 y 47 a\u00f1os<\/strong>\u00a0-ambos chilenos- por circunstancias que se investigan, derivando en que el m\u00e1s joven agrediera con un objeto contundente a su oponente, quien sufri\u00f3 lesiones de car\u00e1cter grave.<\/p><p>\u00bfQu\u00e9 ocurri\u00f3 despu\u00e9s?<\/p><p>Mientras la v\u00edctima era derivada de urgencia al\u00a0<strong>hospital de Linares<\/strong>\u00a0y posteriormente al\u00a0<strong>Hospital Regional de Talca<\/strong>\u00a0donde permanece con riesgo vital, el supuesto autor de la agresi\u00f3n escap\u00f3 del lugar con paradero desconocido hasta ese momento.<\/p><p>\u00bfCu\u00e1l fue la reacci\u00f3n policial?<\/p><p>Por orden de la\u00a0<strong>Fiscal\u00eda de Flagrancia Regional<\/strong>, en el lugar se constituyeron detectives de la\u00a0<strong>Brigada de Homicidios<\/strong>\u00a0de la\u00a0<strong>PDI de Linares<\/strong>\u00a0y peritos del\u00a0<strong>Laboratorio de Criminal\u00edstica Regional<\/strong>\u00a0de la\u00a0<strong>PDI de Talca<\/strong>, donde se interrog\u00f3 a testigos y se recopilaron evidencias de inter\u00e9s criminal\u00edstico.<\/p><p>\u00bfC\u00f3mo avanz\u00f3 la investigaci\u00f3n?<\/p><p>Con el paso de las horas y en coordinaci\u00f3n con la fiscal\u00eda, los detectives posteriormente se trasladaron hasta el\u00a0<strong>terminal de buses de Talca<\/strong>, donde procedieron a la detenci\u00f3n del sospechoso, justo cuando se aprestaba a viajar fuera de la regi\u00f3n del Maule para ocultase de la justicia.<\/p><p>\u00bfQu\u00e9 viene ahora?<\/p><p>As\u00ed este lunes en el\u00a0<strong>Juzgado de Garant\u00eda de Linares<\/strong>\u00a0se llevar\u00e1 a cabo la audiencia de control de la legalidad de la detenci\u00f3n, formalizaci\u00f3n de la investigaci\u00f3n y medidas cautelares, sin descartar que atendidas diligencias investigativas pendiente, la\u00a0<strong>fiscal\u00eda de Linares<\/strong>\u00a0podr\u00eda optar por solicitar la ampliaci\u00f3n de la detenci\u00f3n del sospechoso.<\/p><p>\u00bfY el segundo caso criminal?<\/p><p>Seg\u00fan inform\u00f3 la\u00a0<strong>Fiscal\u00eda Regional del Maule<\/strong>\u00a0se trat\u00f3 de un caso de robo con intimidaci\u00f3n y violencia perpetrado por un grupo de antisociales que portaban armas de fuego, cuyo sitio del suceso fue una\u00a0<strong>empresa agroindustrial<\/strong>\u00a0ubicada en la comuna de\u00a0<strong>Sagrada Familia<\/strong>\u00a0en la provincia de\u00a0<strong>Curic\u00f3<\/strong>.<\/p>\t\t\t\t\t\t<\/div>\n\t\t\t\t<\/div>\n\t\t\t\t\t<\/div>\n\t\t\t\t<\/div>\n\t\t<div class=\"elementor-element elementor-element-8311144 e-flex e-con-boxed e-con e-parent\" data-id=\"8311144\" data-element_type=\"container\" data-settings=\"{&quot;_ha_eqh_enable&quot;:false}\">\n\t\t\t\t\t<div class=\"e-con-inner\">\n\t\t<div class=\"elementor-element elementor-element-6221b84 e-con-full e-flex e-con e-child\" data-id=\"6221b84\" data-element_type=\"container\" data-settings=\"{&quot;_ha_eqh_enable&quot;:false}\">\n\t\t\t\t<\/div>\n\t\t<div class=\"elementor-element elementor-element-75c3552 e-con-full e-flex e-con e-child\" data-id=\"75c3552\" data-element_type=\"container\" data-settings=\"{&quot;_ha_eqh_enable&quot;:false}\">\n\t\t\t\t<div class=\"elementor-element elementor-element-63f4ce0 elementor-widget elementor-widget-image\" data-id=\"63f4ce0\" data-element_type=\"widget\" data-widget_type=\"image.default\">\n\t\t\t\t<div class=\"elementor-widget-container\">\n\t\t\t<style>\/*! elementor - v3.21.0 - 26-05-2024 *\/\n.elementor-widget-image{text-align:center}.elementor-widget-image a{display:inline-block}.elementor-widget-image a img[src$=\".svg\"]{width:48px}.elementor-widget-image img{vertical-align:middle;display:inline-block}<\/style>\t\t\t\t\t\t\t\t\t\t<img fetchpriority=\"high\" decoding=\"async\" width=\"737\" height=\"390\" src=\"https:\/\/re7.cl\/ondatuvida2025\/wp-content\/uploads\/2025\/03\/Captura-de-pantalla-2025-03-29-110520.png\" class=\"attachment-large size-large wp-image-2402\" alt=\"\" srcset=\"https:\/\/re7.cl\/ondatuvida2025\/wp-content\/uploads\/2025\/03\/Captura-de-pantalla-2025-03-29-110520.png 737w, https:\/\/re7.cl\/ondatuvida2025\/wp-content\/uploads\/2025\/03\/Captura-de-pantalla-2025-03-29-110520-300x159.png 300w\" sizes=\"(max-width: 737px) 100vw, 737px\" \/>\t\t\t\t\t\t\t\t\t\t\t\t\t<\/div>\n\t\t\t\t<\/div>\n\t\t\t\t<\/div>\n\t\t<div class=\"elementor-element elementor-element-3a27265 e-con-full e-flex e-con e-child\" data-id=\"3a27265\" data-element_type=\"container\" data-settings=\"{&quot;_ha_eqh_enable&quot;:false}\">\n\t\t\t\t<\/div>\n\t\t\t\t\t<\/div>\n\t\t\t\t<\/div>\n\t\t<div class=\"elementor-element elementor-element-90d00f7 e-flex e-con-boxed e-con e-parent\" data-id=\"90d00f7\" data-element_type=\"container\" data-settings=\"{&quot;_ha_eqh_enable&quot;:false}\">\n\t\t\t\t\t<div class=\"e-con-inner\">\n\t\t<div class=\"elementor-element elementor-element-3eecbd9 e-con-full e-flex e-con e-child\" data-id=\"3eecbd9\" data-element_type=\"container\" data-settings=\"{&quot;_ha_eqh_enable&quot;:false}\">\n\t\t\t\t<\/div>\n\t\t<div class=\"elementor-element elementor-element-34bb073 e-con-full e-flex e-con e-child\" data-id=\"34bb073\" data-element_type=\"container\" data-settings=\"{&quot;_ha_eqh_enable&quot;:false}\">\n\t\t\t\t<div class=\"elementor-element elementor-element-93da9a6 elementor-widget elementor-widget-image\" data-id=\"93da9a6\" data-element_type=\"widget\" data-widget_type=\"image.default\">\n\t\t\t\t<div class=\"elementor-widget-container\">\n\t\t\t\t\t\t\t\t\t\t\t\t\t<img decoding=\"async\" width=\"505\" height=\"230\" src=\"https:\/\/re7.cl\/ondatuvida2025\/wp-content\/uploads\/2025\/03\/Captura-de-pantalla-2025-03-29-114423.png\" class=\"attachment-large size-large wp-image-2423\" alt=\"\" srcset=\"https:\/\/re7.cl\/ondatuvida2025\/wp-content\/uploads\/2025\/03\/Captura-de-pantalla-2025-03-29-114423.png 505w, https:\/\/re7.cl\/ondatuvida2025\/wp-content\/uploads\/2025\/03\/Captura-de-pantalla-2025-03-29-114423-300x137.png 300w\" sizes=\"(max-width: 505px) 100vw, 505px\" \/>\t\t\t\t\t\t\t\t\t\t\t\t\t<\/div>\n\t\t\t\t<\/div>\n\t\t\t\t<\/div>\n\t\t<div class=\"elementor-element elementor-element-f4f507f e-con-full e-flex e-con e-child\" data-id=\"f4f507f\" data-element_type=\"container\" data-settings=\"{&quot;_ha_eqh_enable&quot;:false}\">\n\t\t\t\t<\/div>\n\t\t\t\t\t<\/div>\n\t\t\t\t<\/div>\n\t\t<div class=\"elementor-element elementor-element-acd6301 e-flex e-con-boxed e-con e-parent\" data-id=\"acd6301\" data-element_type=\"container\" data-settings=\"{&quot;_ha_eqh_enable&quot;:false}\">\n\t\t\t\t\t<div class=\"e-con-inner\">\n\t\t\t\t<div class=\"elementor-element elementor-element-e6c3d9b elementor-widget elementor-widget-audio\" data-id=\"e6c3d9b\" data-element_type=\"widget\" data-widget_type=\"audio.default\">\n\t\t\t\t<div class=\"elementor-widget-container\">\n\t\t\t\t\t\t<div class=\"elementor-soundcloud-wrapper\">\n\t\t\t\t<iframe width=\"500\" height=\"200\" scrolling=\"no\" frameborder=\"no\" src=\"https:\/\/w.soundcloud.com\/player\/?visual=false&#038;url=https%3A%2F%2Fapi.soundcloud.com%2Ftracks%2F2066202264&#038;show_artwork=true&#038;maxheight=750&#038;maxwidth=500&#038;auto_play=false&#038;buying=true&#038;liking=true&#038;download=true&#038;sharing=true&#038;show_comments=true&#038;show_playcount=true&#038;show_user=true&#038;color\"><\/iframe>\t\t\t<\/div>\n\t\t\t\t\t<\/div>\n\t\t\t\t<\/div>\n\t\t\t\t\t<\/div>\n\t\t\t\t<\/div>\n\t\t<div class=\"elementor-element elementor-element-bb1afb3 e-flex e-con-boxed e-con e-parent\" data-id=\"bb1afb3\" data-element_type=\"container\" data-settings=\"{&quot;_ha_eqh_enable&quot;:false}\">\n\t\t\t\t\t<div class=\"e-con-inner\">\n\t\t\t\t<div class=\"elementor-element elementor-element-7acdf78 elementor-widget elementor-widget-text-editor\" data-id=\"7acdf78\" data-element_type=\"widget\" data-widget_type=\"text-editor.default\">\n\t\t\t\t<div class=\"elementor-widget-container\">\n\t\t\t\t\t\t\t<p>FUENTE<\/p>\t\t\t\t\t\t<\/div>\n\t\t\t\t<\/div>\n\t\t\t\t\t<\/div>\n\t\t\t\t<\/div>\n\t\t<div class=\"elementor-element elementor-element-4e7bd2d e-flex e-con-boxed e-con e-parent\" data-id=\"4e7bd2d\" data-element_type=\"container\" data-settings=\"{&quot;_ha_eqh_enable&quot;:false}\">\n\t\t\t\t\t<div class=\"e-con-inner\">\n\t\t\t\t<div class=\"elementor-element elementor-element-0042f19 elementor-widget elementor-widget-text-editor\" data-id=\"0042f19\" data-element_type=\"widget\" data-widget_type=\"text-editor.default\">\n\t\t\t\t<div class=\"elementor-widget-container\">\n\t\t\t\t\t\t\t<p><blockquote class=\"wp-embedded-content\" data-secret=\"av5aShhP2A\"><a href=\"https:\/\/diariotalca.cl\/nuevos-casos-de-homicidio-frustrado-y-asalto-de-grupo-armado-remecen-al-maule\/\">Nuevos casos de homicidio frustrado y asalto de grupo armado remecen al Maule<\/a><\/blockquote><iframe class=\"wp-embedded-content\" sandbox=\"allow-scripts\" security=\"restricted\" style=\"position: absolute; visibility: hidden;\" title=\"\u00abNuevos casos de homicidio frustrado y asalto de grupo armado remecen al Maule\u00bb \u2014 Diario Talca\" src=\"https:\/\/diariotalca.cl\/nuevos-casos-de-homicidio-frustrado-y-asalto-de-grupo-armado-remecen-al-maule\/embed\/#?secret=ZUqICRywgZ#?secret=av5aShhP2A\" data-secret=\"av5aShhP2A\" width=\"500\" height=\"282\" frameborder=\"0\" marginwidth=\"0\" marginheight=\"0\" scrolling=\"no\"><\/iframe><\/p>\t\t\t\t\t\t<\/div>\n\t\t\t\t<\/div>\n\t\t\t\t\t<\/div>\n\t\t\t\t<\/div>\n\t\t<div class=\"elementor-element elementor-element-6edbcd1 e-flex e-con-boxed e-con e-parent\" data-id=\"6edbcd1\" data-element_type=\"container\" data-settings=\"{&quot;_ha_eqh_enable&quot;:false}\">\n\t\t\t\t\t<div class=\"e-con-inner\">\n\t\t\t\t\t<\/div>\n\t\t\t\t<\/div>\n\t\t\t\t<\/div>\n\t\t","protected":false},"excerpt":{"rendered":"<p>\u00bfCu\u00e1l fue el primero? En cuanto al homicidio frustrado, seg\u00fan versiones extraoficiales, los hechos se registraron en horas de la madrugada al interior de un domicilio en la comuna de\u00a0Longav\u00ed, provincia de\u00a0Linares. \u00bfQu\u00e9 pas\u00f3? En este lugar ocurri\u00f3 una ri\u00f1a entre dos sujetos de\u00a029 y 47 a\u00f1os\u00a0-ambos chilenos- por circunstancias que se investigan, derivando en [&hellip;]<\/p>\n","protected":false},"author":1,"featured_media":0,"parent":0,"menu_order":0,"comment_status":"closed","ping_status":"closed","template":"","meta":{"_uag_custom_page_level_css":"","site-sidebar-layout":"no-sidebar","site-content-layout":"","ast-site-content-layout":"full-width-container","site-content-style":"default","site-sidebar-style":"default","ast-global-header-display":"","ast-banner-title-visibility":"","ast-main-header-display":"","ast-hfb-above-header-display":"","ast-hfb-below-header-display":"","ast-hfb-mobile-header-display":"","site-post-title":"disabled","ast-breadcrumbs-content":"","ast-featured-img":"disabled","footer-sml-layout":"","theme-transparent-header-meta":"","adv-header-id-meta":"","stick-header-meta":"","header-above-stick-meta":"","header-main-stick-meta":"","header-below-stick-meta":"","astra-migrate-meta-layouts":"default","ast-page-background-enabled":"default","ast-page-background-meta":{"desktop":{"background-color":"var(--ast-global-color-4)","background-image":"","background-repeat":"repeat","background-position":"center center","background-size":"auto","background-attachment":"scroll","background-type":"","background-media":"","overlay-type":"","overlay-color":"","overlay-opacity":"","overlay-gradient":""},"tablet":{"background-color":"","background-image":"","background-repeat":"repeat","background-position":"center center","background-size":"auto","background-attachment":"scroll","background-type":"","background-media":"","overlay-type":"","overlay-color":"","overlay-opacity":"","overlay-gradient":""},"mobile":{"background-color":"","background-image":"","background-repeat":"repeat","background-position":"center center","background-size":"auto","background-attachment":"scroll","background-type":"","background-media":"","overlay-type":"","overlay-color":"","overlay-opacity":"","overlay-gradient":""}},"ast-content-background-meta":{"desktop":{"background-color":"var(--ast-global-color-5)","background-image":"","background-repeat":"repeat","background-position":"center center","background-size":"auto","background-attachment":"scroll","background-type":"","background-media":"","overlay-type":"","overlay-color":"","overlay-opacity":"","overlay-gradient":""},"tablet":{"background-color":"var(--ast-global-color-5)","background-image":"","background-repeat":"repeat","background-position":"center center","background-size":"auto","background-attachment":"scroll","background-type":"","background-media":"","overlay-type":"","overlay-color":"","overlay-opacity":"","overlay-gradient":""},"mobile":{"background-color":"var(--ast-global-color-5)","background-image":"","background-repeat":"repeat","background-position":"center center","background-size":"auto","background-attachment":"scroll","background-type":"","background-media":"","overlay-type":"","overlay-color":"","overlay-opacity":"","overlay-gradient":""}},"two_page_speed":[],"footnotes":""},"class_list":["post-2399","page","type-page","status-publish","hentry"],"yoast_head":"<!-- This site is optimized with the Yoast SEO plugin v24.9 - https:\/\/yoast.com\/wordpress\/plugins\/seo\/ -->\n<title>Elementor #2399 - Emisoras RE7<\/title>\n<meta name=\"robots\" content=\"noindex, follow, max-snippet:-1, max-image-preview:large, max-video-preview:-1\" \/>\n<meta property=\"og:locale\" content=\"es_ES\" \/>\n<meta property=\"og:type\" content=\"article\" \/>\n<meta property=\"og:title\" content=\"Elementor #2399 - Emisoras RE7\" \/>\n<meta property=\"og:description\" content=\"\u00bfCu\u00e1l fue el primero? En cuanto al homicidio frustrado, seg\u00fan versiones extraoficiales, los hechos se registraron en horas de la madrugada al interior de un domicilio en la comuna de\u00a0Longav\u00ed, provincia de\u00a0Linares. \u00bfQu\u00e9 pas\u00f3? En este lugar ocurri\u00f3 una ri\u00f1a entre dos sujetos de\u00a029 y 47 a\u00f1os\u00a0-ambos chilenos- por circunstancias que se investigan, derivando en [&hellip;]\" \/>\n<meta property=\"og:url\" content=\"https:\/\/re7.cl\/ondatuvida2025\/index.php\/elementor-2399\/\" \/>\n<meta property=\"og:site_name\" content=\"Emisoras RE7\" \/>\n<meta property=\"article:publisher\" content=\"https:\/\/www.facebook.com\/EnergiaInfinita2077\" \/>\n<meta property=\"article:modified_time\" content=\"2025-03-29T14:45:18+00:00\" \/>\n<meta property=\"og:image\" content=\"https:\/\/re7.cl\/ondatuvida2025\/wp-content\/uploads\/2025\/03\/Captura-de-pantalla-2025-03-29-110520.png\" \/>\n<meta name=\"twitter:card\" content=\"summary_large_image\" \/>\n<meta name=\"twitter:site\" content=\"@RE7EVOLUCION\" \/>\n<meta name=\"twitter:label1\" content=\"Tiempo de lectura\" \/>\n\t<meta name=\"twitter:data1\" content=\"2 minutos\" \/>\n<script type=\"application\/ld+json\" class=\"yoast-schema-graph\">{\"@context\":\"https:\/\/schema.org\",\"@graph\":[{\"@type\":\"WebPage\",\"@id\":\"https:\/\/re7.cl\/ondatuvida2025\/index.php\/elementor-2399\/\",\"url\":\"https:\/\/re7.cl\/ondatuvida2025\/index.php\/elementor-2399\/\",\"name\":\"Elementor #2399 - Emisoras RE7\",\"isPartOf\":{\"@id\":\"https:\/\/re7.cl\/ondatuvida2025\/#website\"},\"primaryImageOfPage\":{\"@id\":\"https:\/\/re7.cl\/ondatuvida2025\/index.php\/elementor-2399\/#primaryimage\"},\"image\":{\"@id\":\"https:\/\/re7.cl\/ondatuvida2025\/index.php\/elementor-2399\/#primaryimage\"},\"thumbnailUrl\":\"https:\/\/re7.cl\/ondatuvida2025\/wp-content\/uploads\/2025\/03\/Captura-de-pantalla-2025-03-29-110520.png\",\"datePublished\":\"2025-03-29T14:04:16+00:00\",\"dateModified\":\"2025-03-29T14:45:18+00:00\",\"breadcrumb\":{\"@id\":\"https:\/\/re7.cl\/ondatuvida2025\/index.php\/elementor-2399\/#breadcrumb\"},\"inLanguage\":\"es\",\"potentialAction\":[{\"@type\":\"ReadAction\",\"target\":[\"https:\/\/re7.cl\/ondatuvida2025\/index.php\/elementor-2399\/\"]}]},{\"@type\":\"ImageObject\",\"inLanguage\":\"es\",\"@id\":\"https:\/\/re7.cl\/ondatuvida2025\/index.php\/elementor-2399\/#primaryimage\",\"url\":\"https:\/\/re7.cl\/ondatuvida2025\/wp-content\/uploads\/2025\/03\/Captura-de-pantalla-2025-03-29-110520.png\",\"contentUrl\":\"https:\/\/re7.cl\/ondatuvida2025\/wp-content\/uploads\/2025\/03\/Captura-de-pantalla-2025-03-29-110520.png\",\"width\":737,\"height\":390},{\"@type\":\"BreadcrumbList\",\"@id\":\"https:\/\/re7.cl\/ondatuvida2025\/index.php\/elementor-2399\/#breadcrumb\",\"itemListElement\":[{\"@type\":\"ListItem\",\"position\":1,\"name\":\"Home\",\"item\":\"https:\/\/re7.cl\/ondatuvida2025\/\"},{\"@type\":\"ListItem\",\"position\":2,\"name\":\"Elementor #2399\"}]},{\"@type\":\"WebSite\",\"@id\":\"https:\/\/re7.cl\/ondatuvida2025\/#website\",\"url\":\"https:\/\/re7.cl\/ondatuvida2025\/\",\"name\":\"Emisoras RE7\",\"description\":\"onda tu vida\",\"publisher\":{\"@id\":\"https:\/\/re7.cl\/ondatuvida2025\/#organization\"},\"alternateName\":\"Emisoras estacion siete\",\"potentialAction\":[{\"@type\":\"SearchAction\",\"target\":{\"@type\":\"EntryPoint\",\"urlTemplate\":\"https:\/\/re7.cl\/ondatuvida2025\/?s={search_term_string}\"},\"query-input\":{\"@type\":\"PropertyValueSpecification\",\"valueRequired\":true,\"valueName\":\"search_term_string\"}}],\"inLanguage\":\"es\"},{\"@type\":\"Organization\",\"@id\":\"https:\/\/re7.cl\/ondatuvida2025\/#organization\",\"name\":\"Emisoras RE7\",\"alternateName\":\"estacion siete\",\"url\":\"https:\/\/re7.cl\/ondatuvida2025\/\",\"logo\":{\"@type\":\"ImageObject\",\"inLanguage\":\"es\",\"@id\":\"https:\/\/re7.cl\/ondatuvida2025\/#\/schema\/logo\/image\/\",\"url\":\"https:\/\/re7.cl\/ondatuvida2025\/wp-content\/uploads\/2025\/12\/2025-LOGO-RE7.png\",\"contentUrl\":\"https:\/\/re7.cl\/ondatuvida2025\/wp-content\/uploads\/2025\/12\/2025-LOGO-RE7.png\",\"width\":1988,\"height\":1895,\"caption\":\"Emisoras RE7\"},\"image\":{\"@id\":\"https:\/\/re7.cl\/ondatuvida2025\/#\/schema\/logo\/image\/\"},\"sameAs\":[\"https:\/\/www.facebook.com\/EnergiaInfinita2077\",\"https:\/\/x.com\/RE7EVOLUCION\"]}]}<\/script>\n<!-- \/ Yoast SEO plugin. -->","yoast_head_json":{"title":"Elementor #2399 - Emisoras RE7","robots":{"index":"noindex","follow":"follow","max-snippet":"max-snippet:-1","max-image-preview":"max-image-preview:large","max-video-preview":"max-video-preview:-1"},"og_locale":"es_ES","og_type":"article","og_title":"Elementor #2399 - Emisoras RE7","og_description":"\u00bfCu\u00e1l fue el primero? En cuanto al homicidio frustrado, seg\u00fan versiones extraoficiales, los hechos se registraron en horas de la madrugada al interior de un domicilio en la comuna de\u00a0Longav\u00ed, provincia de\u00a0Linares. \u00bfQu\u00e9 pas\u00f3? En este lugar ocurri\u00f3 una ri\u00f1a entre dos sujetos de\u00a029 y 47 a\u00f1os\u00a0-ambos chilenos- por circunstancias que se investigan, derivando en [&hellip;]","og_url":"https:\/\/re7.cl\/ondatuvida2025\/index.php\/elementor-2399\/","og_site_name":"Emisoras RE7","article_publisher":"https:\/\/www.facebook.com\/EnergiaInfinita2077","article_modified_time":"2025-03-29T14:45:18+00:00","og_image":[{"url":"https:\/\/re7.cl\/ondatuvida2025\/wp-content\/uploads\/2025\/03\/Captura-de-pantalla-2025-03-29-110520.png","type":"","width":"","height":""}],"twitter_card":"summary_large_image","twitter_site":"@RE7EVOLUCION","twitter_misc":{"Tiempo de lectura":"2 minutos"},"schema":{"@context":"https:\/\/schema.org","@graph":[{"@type":"WebPage","@id":"https:\/\/re7.cl\/ondatuvida2025\/index.php\/elementor-2399\/","url":"https:\/\/re7.cl\/ondatuvida2025\/index.php\/elementor-2399\/","name":"Elementor #2399 - Emisoras RE7","isPartOf":{"@id":"https:\/\/re7.cl\/ondatuvida2025\/#website"},"primaryImageOfPage":{"@id":"https:\/\/re7.cl\/ondatuvida2025\/index.php\/elementor-2399\/#primaryimage"},"image":{"@id":"https:\/\/re7.cl\/ondatuvida2025\/index.php\/elementor-2399\/#primaryimage"},"thumbnailUrl":"https:\/\/re7.cl\/ondatuvida2025\/wp-content\/uploads\/2025\/03\/Captura-de-pantalla-2025-03-29-110520.png","datePublished":"2025-03-29T14:04:16+00:00","dateModified":"2025-03-29T14:45:18+00:00","breadcrumb":{"@id":"https:\/\/re7.cl\/ondatuvida2025\/index.php\/elementor-2399\/#breadcrumb"},"inLanguage":"es","potentialAction":[{"@type":"ReadAction","target":["https:\/\/re7.cl\/ondatuvida2025\/index.php\/elementor-2399\/"]}]},{"@type":"ImageObject","inLanguage":"es","@id":"https:\/\/re7.cl\/ondatuvida2025\/index.php\/elementor-2399\/#primaryimage","url":"https:\/\/re7.cl\/ondatuvida2025\/wp-content\/uploads\/2025\/03\/Captura-de-pantalla-2025-03-29-110520.png","contentUrl":"https:\/\/re7.cl\/ondatuvida2025\/wp-content\/uploads\/2025\/03\/Captura-de-pantalla-2025-03-29-110520.png","width":737,"height":390},{"@type":"BreadcrumbList","@id":"https:\/\/re7.cl\/ondatuvida2025\/index.php\/elementor-2399\/#breadcrumb","itemListElement":[{"@type":"ListItem","position":1,"name":"Home","item":"https:\/\/re7.cl\/ondatuvida2025\/"},{"@type":"ListItem","position":2,"name":"Elementor #2399"}]},{"@type":"WebSite","@id":"https:\/\/re7.cl\/ondatuvida2025\/#website","url":"https:\/\/re7.cl\/ondatuvida2025\/","name":"Emisoras RE7","description":"onda tu vida","publisher":{"@id":"https:\/\/re7.cl\/ondatuvida2025\/#organization"},"alternateName":"Emisoras estacion siete","potentialAction":[{"@type":"SearchAction","target":{"@type":"EntryPoint","urlTemplate":"https:\/\/re7.cl\/ondatuvida2025\/?s={search_term_string}"},"query-input":{"@type":"PropertyValueSpecification","valueRequired":true,"valueName":"search_term_string"}}],"inLanguage":"es"},{"@type":"Organization","@id":"https:\/\/re7.cl\/ondatuvida2025\/#organization","name":"Emisoras RE7","alternateName":"estacion siete","url":"https:\/\/re7.cl\/ondatuvida2025\/","logo":{"@type":"ImageObject","inLanguage":"es","@id":"https:\/\/re7.cl\/ondatuvida2025\/#\/schema\/logo\/image\/","url":"https:\/\/re7.cl\/ondatuvida2025\/wp-content\/uploads\/2025\/12\/2025-LOGO-RE7.png","contentUrl":"https:\/\/re7.cl\/ondatuvida2025\/wp-content\/uploads\/2025\/12\/2025-LOGO-RE7.png","width":1988,"height":1895,"caption":"Emisoras RE7"},"image":{"@id":"https:\/\/re7.cl\/ondatuvida2025\/#\/schema\/logo\/image\/"},"sameAs":["https:\/\/www.facebook.com\/EnergiaInfinita2077","https:\/\/x.com\/RE7EVOLUCION"]}]}},"uagb_featured_image_src":{"full":false,"thumbnail":false,"medium":false,"medium_large":false,"large":false,"1536x1536":false,"2048x2048":false,"tenweb_optimizer_mobile":false,"tenweb_optimizer_tablet":false},"uagb_author_info":{"display_name":"admin","author_link":"https:\/\/re7.cl\/ondatuvida2025\/index.php\/author\/fabian\/"},"uagb_comment_info":0,"uagb_excerpt":"\u00bfCu\u00e1l fue el primero? En cuanto al homicidio frustrado, seg\u00fan versiones extraoficiales, los hechos se registraron en horas de la madrugada al interior de un domicilio en la comuna de\u00a0Longav\u00ed, provincia de\u00a0Linares. \u00bfQu\u00e9 pas\u00f3? En este lugar ocurri\u00f3 una ri\u00f1a entre dos sujetos de\u00a029 y 47 a\u00f1os\u00a0-ambos chilenos- por circunstancias que se investigan, derivando en&hellip;","_links":{"self":[{"href":"https:\/\/re7.cl\/ondatuvida2025\/index.php\/wp-json\/wp\/v2\/pages\/2399","targetHints":{"allow":["GET"]}}],"collection":[{"href":"https:\/\/re7.cl\/ondatuvida2025\/index.php\/wp-json\/wp\/v2\/pages"}],"about":[{"href":"https:\/\/re7.cl\/ondatuvida2025\/index.php\/wp-json\/wp\/v2\/types\/page"}],"author":[{"embeddable":true,"href":"https:\/\/re7.cl\/ondatuvida2025\/index.php\/wp-json\/wp\/v2\/users\/1"}],"replies":[{"embeddable":true,"href":"https:\/\/re7.cl\/ondatuvida2025\/index.php\/wp-json\/wp\/v2\/comments?post=2399"}],"version-history":[{"count":15,"href":"https:\/\/re7.cl\/ondatuvida2025\/index.php\/wp-json\/wp\/v2\/pages\/2399\/revisions"}],"predecessor-version":[{"id":2426,"href":"https:\/\/re7.cl\/ondatuvida2025\/index.php\/wp-json\/wp\/v2\/pages\/2399\/revisions\/2426"}],"wp:attachment":[{"href":"https:\/\/re7.cl\/ondatuvida2025\/index.php\/wp-json\/wp\/v2\/media?parent=2399"}],"curies":[{"name":"wp","href":"https:\/\/api.w.org\/{rel}","templated":true}]}}