{"id":2490,"date":"2025-04-04T09:15:17","date_gmt":"2025-04-04T09:15:17","guid":{"rendered":"https:\/\/re7.cl\/s2024re7\/?page_id=2490"},"modified":"2025-04-04T09:18:03","modified_gmt":"2025-04-04T09:18:03","slug":"quienes-somos","status":"publish","type":"page","link":"https:\/\/re7.cl\/ondatuvida2025\/index.php\/quienes-somos\/","title":{"rendered":"\u00bfQUIENES SOMOS?"},"content":{"rendered":"\t\t<div data-elementor-type=\"wp-page\" data-elementor-id=\"2490\" class=\"elementor elementor-2490\" data-elementor-settings=\"{&quot;ha_cmc_init_switcher&quot;:&quot;no&quot;}\" data-elementor-post-type=\"page\">\n\t\t\t\t<div class=\"elementor-element elementor-element-a26a74c e-flex e-con-boxed e-con e-parent\" data-id=\"a26a74c\" data-element_type=\"container\" data-settings=\"{&quot;_ha_eqh_enable&quot;:false}\">\n\t\t\t\t\t<div class=\"e-con-inner\">\n\t\t\t\t<div class=\"elementor-element elementor-element-a1fe699 elementor-widget elementor-widget-text-editor\" data-id=\"a1fe699\" data-element_type=\"widget\" data-widget_type=\"text-editor.default\">\n\t\t\t\t<div class=\"elementor-widget-container\">\n\t\t\t<style>\/*! elementor - v3.21.0 - 26-05-2024 *\/\n.elementor-widget-text-editor.elementor-drop-cap-view-stacked .elementor-drop-cap{background-color:#69727d;color:#fff}.elementor-widget-text-editor.elementor-drop-cap-view-framed .elementor-drop-cap{color:#69727d;border:3px solid;background-color:transparent}.elementor-widget-text-editor:not(.elementor-drop-cap-view-default) .elementor-drop-cap{margin-top:8px}.elementor-widget-text-editor:not(.elementor-drop-cap-view-default) .elementor-drop-cap-letter{width:1em;height:1em}.elementor-widget-text-editor .elementor-drop-cap{float:left;text-align:center;line-height:1;font-size:50px}.elementor-widget-text-editor .elementor-drop-cap-letter{display:inline-block}<\/style>\t\t\t\t<p class=\"\" data-start=\"274\" data-end=\"651\"><strong data-start=\"274\" data-end=\"292\">Estaci\u00f3n Siete<\/strong> es una radio comercial ubicada en la S\u00e9ptima Regi\u00f3n del Maule, comprometida con entregar contenidos de calidad que informan, entretienen y conectan a nuestra audiencia con lo que realmente importa. Nacimos con la convicci\u00f3n de ser una plataforma moderna, din\u00e1mica y cercana, que refleja la identidad de nuestra regi\u00f3n y se proyecta m\u00e1s all\u00e1 de sus fronteras.<\/p><p class=\"\" data-start=\"653\" data-end=\"1043\">Con una programaci\u00f3n variada que incluye noticias, cultura, m\u00fasica, actualidad y espacios dedicados al emprendimiento y la vida local, llegamos a miles de auditores cada d\u00eda, tanto en el dial como en el mundo digital. Gracias a nuestra transmisi\u00f3n online, llevamos la voz del Maule a cualquier parte del planeta, acompa\u00f1ando a quienes viven aqu\u00ed y a quienes nos escuchan desde la distancia.<\/p><p class=\"\" data-start=\"1045\" data-end=\"1317\">En <strong data-start=\"1048\" data-end=\"1066\">Estaci\u00f3n Siete<\/strong>, entendemos la comunicaci\u00f3n como un puente entre las personas, las ideas y las oportunidades. Por eso, tambi\u00e9n somos una vitrina efectiva para marcas, empresas y emprendedores que buscan llegar a una audiencia fiel, activa y conectada con su entorno.<\/p><p class=\"\" data-start=\"1319\" data-end=\"1379\"><strong data-start=\"1319\" data-end=\"1337\">Estaci\u00f3n Siete<\/strong>: tu frecuencia local, con alcance global.<\/p>\t\t\t\t\t\t<\/div>\n\t\t\t\t<\/div>\n\t\t\t\t\t<\/div>\n\t\t\t\t<\/div>\n\t\t\t\t<\/div>\n\t\t","protected":false},"excerpt":{"rendered":"<p>Estaci\u00f3n Siete es una radio comercial ubicada en la S\u00e9ptima Regi\u00f3n del Maule, comprometida con entregar contenidos de calidad que informan, entretienen y conectan a nuestra audiencia con lo que realmente importa. Nacimos con la convicci\u00f3n de ser una plataforma moderna, din\u00e1mica y cercana, que refleja la identidad de nuestra regi\u00f3n y se proyecta m\u00e1s [&hellip;]<\/p>\n","protected":false},"author":1,"featured_media":0,"parent":0,"menu_order":0,"comment_status":"closed","ping_status":"closed","template":"","meta":{"_uag_custom_page_level_css":"","site-sidebar-layout":"no-sidebar","site-content-layout":"","ast-site-content-layout":"full-width-container","site-content-style":"default","site-sidebar-style":"default","ast-global-header-display":"","ast-banner-title-visibility":"","ast-main-header-display":"","ast-hfb-above-header-display":"","ast-hfb-below-header-display":"","ast-hfb-mobile-header-display":"","site-post-title":"disabled","ast-breadcrumbs-content":"","ast-featured-img":"disabled","footer-sml-layout":"","theme-transparent-header-meta":"","adv-header-id-meta":"","stick-header-meta":"","header-above-stick-meta":"","header-main-stick-meta":"","header-below-stick-meta":"","astra-migrate-meta-layouts":"default","ast-page-background-enabled":"default","ast-page-background-meta":{"desktop":{"background-color":"var(--ast-global-color-4)","background-image":"","background-repeat":"repeat","background-position":"center center","background-size":"auto","background-attachment":"scroll","background-type":"","background-media":"","overlay-type":"","overlay-color":"","overlay-opacity":"","overlay-gradient":""},"tablet":{"background-color":"","background-image":"","background-repeat":"repeat","background-position":"center center","background-size":"auto","background-attachment":"scroll","background-type":"","background-media":"","overlay-type":"","overlay-color":"","overlay-opacity":"","overlay-gradient":""},"mobile":{"background-color":"","background-image":"","background-repeat":"repeat","background-position":"center center","background-size":"auto","background-attachment":"scroll","background-type":"","background-media":"","overlay-type":"","overlay-color":"","overlay-opacity":"","overlay-gradient":""}},"ast-content-background-meta":{"desktop":{"background-color":"var(--ast-global-color-5)","background-image":"","background-repeat":"repeat","background-position":"center center","background-size":"auto","background-attachment":"scroll","background-type":"","background-media":"","overlay-type":"","overlay-color":"","overlay-opacity":"","overlay-gradient":""},"tablet":{"background-color":"var(--ast-global-color-5)","background-image":"","background-repeat":"repeat","background-position":"center center","background-size":"auto","background-attachment":"scroll","background-type":"","background-media":"","overlay-type":"","overlay-color":"","overlay-opacity":"","overlay-gradient":""},"mobile":{"background-color":"var(--ast-global-color-5)","background-image":"","background-repeat":"repeat","background-position":"center center","background-size":"auto","background-attachment":"scroll","background-type":"","background-media":"","overlay-type":"","overlay-color":"","overlay-opacity":"","overlay-gradient":""}},"two_page_speed":[],"footnotes":""},"class_list":["post-2490","page","type-page","status-publish","hentry"],"yoast_head":"<!-- This site is optimized with the Yoast SEO plugin v24.9 - https:\/\/yoast.com\/wordpress\/plugins\/seo\/ -->\n<title>\u00bfQUIENES SOMOS? - Emisoras RE7<\/title>\n<meta name=\"robots\" content=\"noindex, follow, max-snippet:-1, max-image-preview:large, max-video-preview:-1\" \/>\n<meta property=\"og:locale\" content=\"es_ES\" \/>\n<meta property=\"og:type\" content=\"article\" \/>\n<meta property=\"og:title\" content=\"\u00bfQUIENES SOMOS? - Emisoras RE7\" \/>\n<meta property=\"og:description\" content=\"Estaci\u00f3n Siete es una radio comercial ubicada en la S\u00e9ptima Regi\u00f3n del Maule, comprometida con entregar contenidos de calidad que informan, entretienen y conectan a nuestra audiencia con lo que realmente importa. Nacimos con la convicci\u00f3n de ser una plataforma moderna, din\u00e1mica y cercana, que refleja la identidad de nuestra regi\u00f3n y se proyecta m\u00e1s [&hellip;]\" \/>\n<meta property=\"og:url\" content=\"https:\/\/re7.cl\/ondatuvida2025\/index.php\/quienes-somos\/\" \/>\n<meta property=\"og:site_name\" content=\"Emisoras RE7\" \/>\n<meta property=\"article:publisher\" content=\"https:\/\/www.facebook.com\/EnergiaInfinita2077\" \/>\n<meta property=\"article:modified_time\" content=\"2025-04-04T09:18:03+00:00\" \/>\n<meta property=\"og:image\" content=\"https:\/\/re7.cl\/ondatuvida2025\/wp-content\/uploads\/2025\/04\/2024-oficial-sin-fondo.png\" \/>\n\t<meta property=\"og:image:width\" content=\"500\" \/>\n\t<meta property=\"og:image:height\" content=\"500\" \/>\n\t<meta property=\"og:image:type\" content=\"image\/png\" \/>\n<meta name=\"twitter:card\" content=\"summary_large_image\" \/>\n<meta name=\"twitter:site\" content=\"@RE7EVOLUCION\" \/>\n<meta name=\"twitter:label1\" content=\"Tiempo de lectura\" \/>\n\t<meta name=\"twitter:data1\" content=\"1 minuto\" \/>\n<script type=\"application\/ld+json\" class=\"yoast-schema-graph\">{\"@context\":\"https:\/\/schema.org\",\"@graph\":[{\"@type\":\"WebPage\",\"@id\":\"https:\/\/re7.cl\/ondatuvida2025\/index.php\/quienes-somos\/\",\"url\":\"https:\/\/re7.cl\/ondatuvida2025\/index.php\/quienes-somos\/\",\"name\":\"\u00bfQUIENES SOMOS? - Emisoras RE7\",\"isPartOf\":{\"@id\":\"https:\/\/re7.cl\/ondatuvida2025\/#website\"},\"datePublished\":\"2025-04-04T09:15:17+00:00\",\"dateModified\":\"2025-04-04T09:18:03+00:00\",\"breadcrumb\":{\"@id\":\"https:\/\/re7.cl\/ondatuvida2025\/index.php\/quienes-somos\/#breadcrumb\"},\"inLanguage\":\"es\",\"potentialAction\":[{\"@type\":\"ReadAction\",\"target\":[\"https:\/\/re7.cl\/ondatuvida2025\/index.php\/quienes-somos\/\"]}]},{\"@type\":\"BreadcrumbList\",\"@id\":\"https:\/\/re7.cl\/ondatuvida2025\/index.php\/quienes-somos\/#breadcrumb\",\"itemListElement\":[{\"@type\":\"ListItem\",\"position\":1,\"name\":\"Home\",\"item\":\"https:\/\/re7.cl\/ondatuvida2025\/\"},{\"@type\":\"ListItem\",\"position\":2,\"name\":\"\u00bfQUIENES SOMOS?\"}]},{\"@type\":\"WebSite\",\"@id\":\"https:\/\/re7.cl\/ondatuvida2025\/#website\",\"url\":\"https:\/\/re7.cl\/ondatuvida2025\/\",\"name\":\"Emisoras RE7\",\"description\":\"onda tu vida\",\"publisher\":{\"@id\":\"https:\/\/re7.cl\/ondatuvida2025\/#organization\"},\"alternateName\":\"Emisoras estacion siete\",\"potentialAction\":[{\"@type\":\"SearchAction\",\"target\":{\"@type\":\"EntryPoint\",\"urlTemplate\":\"https:\/\/re7.cl\/ondatuvida2025\/?s={search_term_string}\"},\"query-input\":{\"@type\":\"PropertyValueSpecification\",\"valueRequired\":true,\"valueName\":\"search_term_string\"}}],\"inLanguage\":\"es\"},{\"@type\":\"Organization\",\"@id\":\"https:\/\/re7.cl\/ondatuvida2025\/#organization\",\"name\":\"Emisoras RE7\",\"alternateName\":\"estacion siete\",\"url\":\"https:\/\/re7.cl\/ondatuvida2025\/\",\"logo\":{\"@type\":\"ImageObject\",\"inLanguage\":\"es\",\"@id\":\"https:\/\/re7.cl\/ondatuvida2025\/#\/schema\/logo\/image\/\",\"url\":\"https:\/\/re7.cl\/ondatuvida2025\/wp-content\/uploads\/2025\/12\/2025-LOGO-RE7.png\",\"contentUrl\":\"https:\/\/re7.cl\/ondatuvida2025\/wp-content\/uploads\/2025\/12\/2025-LOGO-RE7.png\",\"width\":1988,\"height\":1895,\"caption\":\"Emisoras RE7\"},\"image\":{\"@id\":\"https:\/\/re7.cl\/ondatuvida2025\/#\/schema\/logo\/image\/\"},\"sameAs\":[\"https:\/\/www.facebook.com\/EnergiaInfinita2077\",\"https:\/\/x.com\/RE7EVOLUCION\"]}]}<\/script>\n<!-- \/ Yoast SEO plugin. -->","yoast_head_json":{"title":"\u00bfQUIENES SOMOS? - Emisoras RE7","robots":{"index":"noindex","follow":"follow","max-snippet":"max-snippet:-1","max-image-preview":"max-image-preview:large","max-video-preview":"max-video-preview:-1"},"og_locale":"es_ES","og_type":"article","og_title":"\u00bfQUIENES SOMOS? - Emisoras RE7","og_description":"Estaci\u00f3n Siete es una radio comercial ubicada en la S\u00e9ptima Regi\u00f3n del Maule, comprometida con entregar contenidos de calidad que informan, entretienen y conectan a nuestra audiencia con lo que realmente importa. Nacimos con la convicci\u00f3n de ser una plataforma moderna, din\u00e1mica y cercana, que refleja la identidad de nuestra regi\u00f3n y se proyecta m\u00e1s [&hellip;]","og_url":"https:\/\/re7.cl\/ondatuvida2025\/index.php\/quienes-somos\/","og_site_name":"Emisoras RE7","article_publisher":"https:\/\/www.facebook.com\/EnergiaInfinita2077","article_modified_time":"2025-04-04T09:18:03+00:00","og_image":[{"width":500,"height":500,"url":"https:\/\/re7.cl\/ondatuvida2025\/wp-content\/uploads\/2025\/04\/2024-oficial-sin-fondo.png","type":"image\/png"}],"twitter_card":"summary_large_image","twitter_site":"@RE7EVOLUCION","twitter_misc":{"Tiempo de lectura":"1 minuto"},"schema":{"@context":"https:\/\/schema.org","@graph":[{"@type":"WebPage","@id":"https:\/\/re7.cl\/ondatuvida2025\/index.php\/quienes-somos\/","url":"https:\/\/re7.cl\/ondatuvida2025\/index.php\/quienes-somos\/","name":"\u00bfQUIENES SOMOS? - Emisoras RE7","isPartOf":{"@id":"https:\/\/re7.cl\/ondatuvida2025\/#website"},"datePublished":"2025-04-04T09:15:17+00:00","dateModified":"2025-04-04T09:18:03+00:00","breadcrumb":{"@id":"https:\/\/re7.cl\/ondatuvida2025\/index.php\/quienes-somos\/#breadcrumb"},"inLanguage":"es","potentialAction":[{"@type":"ReadAction","target":["https:\/\/re7.cl\/ondatuvida2025\/index.php\/quienes-somos\/"]}]},{"@type":"BreadcrumbList","@id":"https:\/\/re7.cl\/ondatuvida2025\/index.php\/quienes-somos\/#breadcrumb","itemListElement":[{"@type":"ListItem","position":1,"name":"Home","item":"https:\/\/re7.cl\/ondatuvida2025\/"},{"@type":"ListItem","position":2,"name":"\u00bfQUIENES SOMOS?"}]},{"@type":"WebSite","@id":"https:\/\/re7.cl\/ondatuvida2025\/#website","url":"https:\/\/re7.cl\/ondatuvida2025\/","name":"Emisoras RE7","description":"onda tu vida","publisher":{"@id":"https:\/\/re7.cl\/ondatuvida2025\/#organization"},"alternateName":"Emisoras estacion siete","potentialAction":[{"@type":"SearchAction","target":{"@type":"EntryPoint","urlTemplate":"https:\/\/re7.cl\/ondatuvida2025\/?s={search_term_string}"},"query-input":{"@type":"PropertyValueSpecification","valueRequired":true,"valueName":"search_term_string"}}],"inLanguage":"es"},{"@type":"Organization","@id":"https:\/\/re7.cl\/ondatuvida2025\/#organization","name":"Emisoras RE7","alternateName":"estacion siete","url":"https:\/\/re7.cl\/ondatuvida2025\/","logo":{"@type":"ImageObject","inLanguage":"es","@id":"https:\/\/re7.cl\/ondatuvida2025\/#\/schema\/logo\/image\/","url":"https:\/\/re7.cl\/ondatuvida2025\/wp-content\/uploads\/2025\/12\/2025-LOGO-RE7.png","contentUrl":"https:\/\/re7.cl\/ondatuvida2025\/wp-content\/uploads\/2025\/12\/2025-LOGO-RE7.png","width":1988,"height":1895,"caption":"Emisoras RE7"},"image":{"@id":"https:\/\/re7.cl\/ondatuvida2025\/#\/schema\/logo\/image\/"},"sameAs":["https:\/\/www.facebook.com\/EnergiaInfinita2077","https:\/\/x.com\/RE7EVOLUCION"]}]}},"uagb_featured_image_src":{"full":false,"thumbnail":false,"medium":false,"medium_large":false,"large":false,"1536x1536":false,"2048x2048":false,"tenweb_optimizer_mobile":false,"tenweb_optimizer_tablet":false},"uagb_author_info":{"display_name":"admin","author_link":"https:\/\/re7.cl\/ondatuvida2025\/index.php\/author\/fabian\/"},"uagb_comment_info":0,"uagb_excerpt":"Estaci\u00f3n Siete es una radio comercial ubicada en la S\u00e9ptima Regi\u00f3n del Maule, comprometida con entregar contenidos de calidad que informan, entretienen y conectan a nuestra audiencia con lo que realmente importa. Nacimos con la convicci\u00f3n de ser una plataforma moderna, din\u00e1mica y cercana, que refleja la identidad de nuestra regi\u00f3n y se proyecta m\u00e1s&hellip;","_links":{"self":[{"href":"https:\/\/re7.cl\/ondatuvida2025\/index.php\/wp-json\/wp\/v2\/pages\/2490","targetHints":{"allow":["GET"]}}],"collection":[{"href":"https:\/\/re7.cl\/ondatuvida2025\/index.php\/wp-json\/wp\/v2\/pages"}],"about":[{"href":"https:\/\/re7.cl\/ondatuvida2025\/index.php\/wp-json\/wp\/v2\/types\/page"}],"author":[{"embeddable":true,"href":"https:\/\/re7.cl\/ondatuvida2025\/index.php\/wp-json\/wp\/v2\/users\/1"}],"replies":[{"embeddable":true,"href":"https:\/\/re7.cl\/ondatuvida2025\/index.php\/wp-json\/wp\/v2\/comments?post=2490"}],"version-history":[{"count":3,"href":"https:\/\/re7.cl\/ondatuvida2025\/index.php\/wp-json\/wp\/v2\/pages\/2490\/revisions"}],"predecessor-version":[{"id":2495,"href":"https:\/\/re7.cl\/ondatuvida2025\/index.php\/wp-json\/wp\/v2\/pages\/2490\/revisions\/2495"}],"wp:attachment":[{"href":"https:\/\/re7.cl\/ondatuvida2025\/index.php\/wp-json\/wp\/v2\/media?parent=2490"}],"curies":[{"name":"wp","href":"https:\/\/api.w.org\/{rel}","templated":true}]}}