{"id":2721,"date":"2025-04-12T22:03:32","date_gmt":"2025-04-12T22:03:32","guid":{"rendered":"https:\/\/re7.cl\/ondatuvida2025\/?page_id=2721"},"modified":"2025-04-12T22:04:13","modified_gmt":"2025-04-12T22:04:13","slug":"vision-2","status":"publish","type":"page","link":"https:\/\/re7.cl\/ondatuvida2025\/index.php\/vision-2\/","title":{"rendered":"VISION"},"content":{"rendered":"\t\t<div data-elementor-type=\"wp-page\" data-elementor-id=\"2721\" class=\"elementor elementor-2721\" data-elementor-settings=\"{&quot;ha_cmc_init_switcher&quot;:&quot;no&quot;}\" data-elementor-post-type=\"page\">\n\t\t\t\t<div class=\"elementor-element elementor-element-73b1f99 e-flex e-con-boxed e-con e-parent\" data-id=\"73b1f99\" data-element_type=\"container\" data-settings=\"{&quot;_ha_eqh_enable&quot;:false}\">\n\t\t\t\t\t<div class=\"e-con-inner\">\n\t\t\t\t<div class=\"elementor-element elementor-element-b71eb71 elementor-widget elementor-widget-text-editor\" data-id=\"b71eb71\" data-element_type=\"widget\" data-widget_type=\"text-editor.default\">\n\t\t\t\t<div class=\"elementor-widget-container\">\n\t\t\t<style>\/*! elementor - v3.21.0 - 26-05-2024 *\/\n.elementor-widget-text-editor.elementor-drop-cap-view-stacked .elementor-drop-cap{background-color:#69727d;color:#fff}.elementor-widget-text-editor.elementor-drop-cap-view-framed .elementor-drop-cap{color:#69727d;border:3px solid;background-color:transparent}.elementor-widget-text-editor:not(.elementor-drop-cap-view-default) .elementor-drop-cap{margin-top:8px}.elementor-widget-text-editor:not(.elementor-drop-cap-view-default) .elementor-drop-cap-letter{width:1em;height:1em}.elementor-widget-text-editor .elementor-drop-cap{float:left;text-align:center;line-height:1;font-size:50px}.elementor-widget-text-editor .elementor-drop-cap-letter{display:inline-block}<\/style>\t\t\t\t<p class=\"\" data-start=\"133\" data-end=\"651\">Ser la emisora comercial l\u00edder en innovaci\u00f3n, entretenimiento y conexi\u00f3n con la audiencia, destac\u00e1ndonos por una programaci\u00f3n din\u00e1mica, cercana y de alta calidad. En Estaci\u00f3n Siete aspiramos a transformar la experiencia radial, integrando lo mejor de la m\u00fasica, la informaci\u00f3n y el contenido digital para acompa\u00f1ar e inspirar a nuestra audiencia en cada momento de su d\u00eda. Queremos ser una plataforma vibrante donde las voces, las ideas y las emociones de nuestra comunidad encuentren un espacio aut\u00e9ntico y relevante.<\/p>\t\t\t\t\t\t<\/div>\n\t\t\t\t<\/div>\n\t\t\t\t\t<\/div>\n\t\t\t\t<\/div>\n\t\t\t\t<\/div>\n\t\t","protected":false},"excerpt":{"rendered":"<p>Ser la emisora comercial l\u00edder en innovaci\u00f3n, entretenimiento y conexi\u00f3n con la audiencia, destac\u00e1ndonos por una programaci\u00f3n din\u00e1mica, cercana y de alta calidad. En Estaci\u00f3n Siete aspiramos a transformar la experiencia radial, integrando lo mejor de la m\u00fasica, la informaci\u00f3n y el contenido digital para acompa\u00f1ar e inspirar a nuestra audiencia en cada momento de [&hellip;]<\/p>\n","protected":false},"author":1,"featured_media":0,"parent":0,"menu_order":0,"comment_status":"closed","ping_status":"closed","template":"","meta":{"_uag_custom_page_level_css":"","site-sidebar-layout":"no-sidebar","site-content-layout":"","ast-site-content-layout":"full-width-container","site-content-style":"default","site-sidebar-style":"default","ast-global-header-display":"","ast-banner-title-visibility":"","ast-main-header-display":"","ast-hfb-above-header-display":"","ast-hfb-below-header-display":"","ast-hfb-mobile-header-display":"","site-post-title":"disabled","ast-breadcrumbs-content":"","ast-featured-img":"disabled","footer-sml-layout":"","theme-transparent-header-meta":"","adv-header-id-meta":"","stick-header-meta":"","header-above-stick-meta":"","header-main-stick-meta":"","header-below-stick-meta":"","astra-migrate-meta-layouts":"default","ast-page-background-enabled":"default","ast-page-background-meta":{"desktop":{"background-color":"var(--ast-global-color-4)","background-image":"","background-repeat":"repeat","background-position":"center center","background-size":"auto","background-attachment":"scroll","background-type":"","background-media":"","overlay-type":"","overlay-color":"","overlay-opacity":"","overlay-gradient":""},"tablet":{"background-color":"","background-image":"","background-repeat":"repeat","background-position":"center center","background-size":"auto","background-attachment":"scroll","background-type":"","background-media":"","overlay-type":"","overlay-color":"","overlay-opacity":"","overlay-gradient":""},"mobile":{"background-color":"","background-image":"","background-repeat":"repeat","background-position":"center center","background-size":"auto","background-attachment":"scroll","background-type":"","background-media":"","overlay-type":"","overlay-color":"","overlay-opacity":"","overlay-gradient":""}},"ast-content-background-meta":{"desktop":{"background-color":"var(--ast-global-color-5)","background-image":"","background-repeat":"repeat","background-position":"center center","background-size":"auto","background-attachment":"scroll","background-type":"","background-media":"","overlay-type":"","overlay-color":"","overlay-opacity":"","overlay-gradient":""},"tablet":{"background-color":"var(--ast-global-color-5)","background-image":"","background-repeat":"repeat","background-position":"center center","background-size":"auto","background-attachment":"scroll","background-type":"","background-media":"","overlay-type":"","overlay-color":"","overlay-opacity":"","overlay-gradient":""},"mobile":{"background-color":"var(--ast-global-color-5)","background-image":"","background-repeat":"repeat","background-position":"center center","background-size":"auto","background-attachment":"scroll","background-type":"","background-media":"","overlay-type":"","overlay-color":"","overlay-opacity":"","overlay-gradient":""}},"two_page_speed":[],"footnotes":""},"class_list":["post-2721","page","type-page","status-publish","hentry"],"yoast_head":"<!-- This site is optimized with the Yoast SEO plugin v24.9 - https:\/\/yoast.com\/wordpress\/plugins\/seo\/ -->\n<title>VISION - Emisoras RE7<\/title>\n<meta name=\"robots\" content=\"noindex, follow, max-snippet:-1, max-image-preview:large, max-video-preview:-1\" \/>\n<meta property=\"og:locale\" content=\"es_ES\" \/>\n<meta property=\"og:type\" content=\"article\" \/>\n<meta property=\"og:title\" content=\"VISION - Emisoras RE7\" \/>\n<meta property=\"og:description\" content=\"Ser la emisora comercial l\u00edder en innovaci\u00f3n, entretenimiento y conexi\u00f3n con la audiencia, destac\u00e1ndonos por una programaci\u00f3n din\u00e1mica, cercana y de alta calidad. En Estaci\u00f3n Siete aspiramos a transformar la experiencia radial, integrando lo mejor de la m\u00fasica, la informaci\u00f3n y el contenido digital para acompa\u00f1ar e inspirar a nuestra audiencia en cada momento de [&hellip;]\" \/>\n<meta property=\"og:url\" content=\"https:\/\/re7.cl\/ondatuvida2025\/index.php\/vision-2\/\" \/>\n<meta property=\"og:site_name\" content=\"Emisoras RE7\" \/>\n<meta property=\"article:publisher\" content=\"https:\/\/www.facebook.com\/EnergiaInfinita2077\" \/>\n<meta property=\"article:modified_time\" content=\"2025-04-12T22:04:13+00:00\" \/>\n<meta property=\"og:image\" content=\"https:\/\/re7.cl\/ondatuvida2025\/wp-content\/uploads\/2025\/04\/2024-oficial-sin-fondo.png\" \/>\n\t<meta property=\"og:image:width\" content=\"500\" \/>\n\t<meta property=\"og:image:height\" content=\"500\" \/>\n\t<meta property=\"og:image:type\" content=\"image\/png\" \/>\n<meta name=\"twitter:card\" content=\"summary_large_image\" \/>\n<meta name=\"twitter:site\" content=\"@RE7EVOLUCION\" \/>\n<script type=\"application\/ld+json\" class=\"yoast-schema-graph\">{\"@context\":\"https:\/\/schema.org\",\"@graph\":[{\"@type\":\"WebPage\",\"@id\":\"https:\/\/re7.cl\/ondatuvida2025\/index.php\/vision-2\/\",\"url\":\"https:\/\/re7.cl\/ondatuvida2025\/index.php\/vision-2\/\",\"name\":\"VISION - Emisoras RE7\",\"isPartOf\":{\"@id\":\"https:\/\/re7.cl\/ondatuvida2025\/#website\"},\"datePublished\":\"2025-04-12T22:03:32+00:00\",\"dateModified\":\"2025-04-12T22:04:13+00:00\",\"breadcrumb\":{\"@id\":\"https:\/\/re7.cl\/ondatuvida2025\/index.php\/vision-2\/#breadcrumb\"},\"inLanguage\":\"es\",\"potentialAction\":[{\"@type\":\"ReadAction\",\"target\":[\"https:\/\/re7.cl\/ondatuvida2025\/index.php\/vision-2\/\"]}]},{\"@type\":\"BreadcrumbList\",\"@id\":\"https:\/\/re7.cl\/ondatuvida2025\/index.php\/vision-2\/#breadcrumb\",\"itemListElement\":[{\"@type\":\"ListItem\",\"position\":1,\"name\":\"Home\",\"item\":\"https:\/\/re7.cl\/ondatuvida2025\/\"},{\"@type\":\"ListItem\",\"position\":2,\"name\":\"VISION\"}]},{\"@type\":\"WebSite\",\"@id\":\"https:\/\/re7.cl\/ondatuvida2025\/#website\",\"url\":\"https:\/\/re7.cl\/ondatuvida2025\/\",\"name\":\"Emisoras RE7\",\"description\":\"onda tu vida\",\"publisher\":{\"@id\":\"https:\/\/re7.cl\/ondatuvida2025\/#organization\"},\"alternateName\":\"Emisoras estacion siete\",\"potentialAction\":[{\"@type\":\"SearchAction\",\"target\":{\"@type\":\"EntryPoint\",\"urlTemplate\":\"https:\/\/re7.cl\/ondatuvida2025\/?s={search_term_string}\"},\"query-input\":{\"@type\":\"PropertyValueSpecification\",\"valueRequired\":true,\"valueName\":\"search_term_string\"}}],\"inLanguage\":\"es\"},{\"@type\":\"Organization\",\"@id\":\"https:\/\/re7.cl\/ondatuvida2025\/#organization\",\"name\":\"Emisoras RE7\",\"alternateName\":\"estacion siete\",\"url\":\"https:\/\/re7.cl\/ondatuvida2025\/\",\"logo\":{\"@type\":\"ImageObject\",\"inLanguage\":\"es\",\"@id\":\"https:\/\/re7.cl\/ondatuvida2025\/#\/schema\/logo\/image\/\",\"url\":\"https:\/\/re7.cl\/ondatuvida2025\/wp-content\/uploads\/2025\/12\/2025-LOGO-RE7.png\",\"contentUrl\":\"https:\/\/re7.cl\/ondatuvida2025\/wp-content\/uploads\/2025\/12\/2025-LOGO-RE7.png\",\"width\":1988,\"height\":1895,\"caption\":\"Emisoras RE7\"},\"image\":{\"@id\":\"https:\/\/re7.cl\/ondatuvida2025\/#\/schema\/logo\/image\/\"},\"sameAs\":[\"https:\/\/www.facebook.com\/EnergiaInfinita2077\",\"https:\/\/x.com\/RE7EVOLUCION\"]}]}<\/script>\n<!-- \/ Yoast SEO plugin. -->","yoast_head_json":{"title":"VISION - Emisoras RE7","robots":{"index":"noindex","follow":"follow","max-snippet":"max-snippet:-1","max-image-preview":"max-image-preview:large","max-video-preview":"max-video-preview:-1"},"og_locale":"es_ES","og_type":"article","og_title":"VISION - Emisoras RE7","og_description":"Ser la emisora comercial l\u00edder en innovaci\u00f3n, entretenimiento y conexi\u00f3n con la audiencia, destac\u00e1ndonos por una programaci\u00f3n din\u00e1mica, cercana y de alta calidad. En Estaci\u00f3n Siete aspiramos a transformar la experiencia radial, integrando lo mejor de la m\u00fasica, la informaci\u00f3n y el contenido digital para acompa\u00f1ar e inspirar a nuestra audiencia en cada momento de [&hellip;]","og_url":"https:\/\/re7.cl\/ondatuvida2025\/index.php\/vision-2\/","og_site_name":"Emisoras RE7","article_publisher":"https:\/\/www.facebook.com\/EnergiaInfinita2077","article_modified_time":"2025-04-12T22:04:13+00:00","og_image":[{"width":500,"height":500,"url":"https:\/\/re7.cl\/ondatuvida2025\/wp-content\/uploads\/2025\/04\/2024-oficial-sin-fondo.png","type":"image\/png"}],"twitter_card":"summary_large_image","twitter_site":"@RE7EVOLUCION","schema":{"@context":"https:\/\/schema.org","@graph":[{"@type":"WebPage","@id":"https:\/\/re7.cl\/ondatuvida2025\/index.php\/vision-2\/","url":"https:\/\/re7.cl\/ondatuvida2025\/index.php\/vision-2\/","name":"VISION - Emisoras RE7","isPartOf":{"@id":"https:\/\/re7.cl\/ondatuvida2025\/#website"},"datePublished":"2025-04-12T22:03:32+00:00","dateModified":"2025-04-12T22:04:13+00:00","breadcrumb":{"@id":"https:\/\/re7.cl\/ondatuvida2025\/index.php\/vision-2\/#breadcrumb"},"inLanguage":"es","potentialAction":[{"@type":"ReadAction","target":["https:\/\/re7.cl\/ondatuvida2025\/index.php\/vision-2\/"]}]},{"@type":"BreadcrumbList","@id":"https:\/\/re7.cl\/ondatuvida2025\/index.php\/vision-2\/#breadcrumb","itemListElement":[{"@type":"ListItem","position":1,"name":"Home","item":"https:\/\/re7.cl\/ondatuvida2025\/"},{"@type":"ListItem","position":2,"name":"VISION"}]},{"@type":"WebSite","@id":"https:\/\/re7.cl\/ondatuvida2025\/#website","url":"https:\/\/re7.cl\/ondatuvida2025\/","name":"Emisoras RE7","description":"onda tu vida","publisher":{"@id":"https:\/\/re7.cl\/ondatuvida2025\/#organization"},"alternateName":"Emisoras estacion siete","potentialAction":[{"@type":"SearchAction","target":{"@type":"EntryPoint","urlTemplate":"https:\/\/re7.cl\/ondatuvida2025\/?s={search_term_string}"},"query-input":{"@type":"PropertyValueSpecification","valueRequired":true,"valueName":"search_term_string"}}],"inLanguage":"es"},{"@type":"Organization","@id":"https:\/\/re7.cl\/ondatuvida2025\/#organization","name":"Emisoras RE7","alternateName":"estacion siete","url":"https:\/\/re7.cl\/ondatuvida2025\/","logo":{"@type":"ImageObject","inLanguage":"es","@id":"https:\/\/re7.cl\/ondatuvida2025\/#\/schema\/logo\/image\/","url":"https:\/\/re7.cl\/ondatuvida2025\/wp-content\/uploads\/2025\/12\/2025-LOGO-RE7.png","contentUrl":"https:\/\/re7.cl\/ondatuvida2025\/wp-content\/uploads\/2025\/12\/2025-LOGO-RE7.png","width":1988,"height":1895,"caption":"Emisoras RE7"},"image":{"@id":"https:\/\/re7.cl\/ondatuvida2025\/#\/schema\/logo\/image\/"},"sameAs":["https:\/\/www.facebook.com\/EnergiaInfinita2077","https:\/\/x.com\/RE7EVOLUCION"]}]}},"uagb_featured_image_src":{"full":false,"thumbnail":false,"medium":false,"medium_large":false,"large":false,"1536x1536":false,"2048x2048":false,"tenweb_optimizer_mobile":false,"tenweb_optimizer_tablet":false},"uagb_author_info":{"display_name":"admin","author_link":"https:\/\/re7.cl\/ondatuvida2025\/index.php\/author\/fabian\/"},"uagb_comment_info":0,"uagb_excerpt":"Ser la emisora comercial l\u00edder en innovaci\u00f3n, entretenimiento y conexi\u00f3n con la audiencia, destac\u00e1ndonos por una programaci\u00f3n din\u00e1mica, cercana y de alta calidad. En Estaci\u00f3n Siete aspiramos a transformar la experiencia radial, integrando lo mejor de la m\u00fasica, la informaci\u00f3n y el contenido digital para acompa\u00f1ar e inspirar a nuestra audiencia en cada momento de&hellip;","_links":{"self":[{"href":"https:\/\/re7.cl\/ondatuvida2025\/index.php\/wp-json\/wp\/v2\/pages\/2721","targetHints":{"allow":["GET"]}}],"collection":[{"href":"https:\/\/re7.cl\/ondatuvida2025\/index.php\/wp-json\/wp\/v2\/pages"}],"about":[{"href":"https:\/\/re7.cl\/ondatuvida2025\/index.php\/wp-json\/wp\/v2\/types\/page"}],"author":[{"embeddable":true,"href":"https:\/\/re7.cl\/ondatuvida2025\/index.php\/wp-json\/wp\/v2\/users\/1"}],"replies":[{"embeddable":true,"href":"https:\/\/re7.cl\/ondatuvida2025\/index.php\/wp-json\/wp\/v2\/comments?post=2721"}],"version-history":[{"count":3,"href":"https:\/\/re7.cl\/ondatuvida2025\/index.php\/wp-json\/wp\/v2\/pages\/2721\/revisions"}],"predecessor-version":[{"id":2726,"href":"https:\/\/re7.cl\/ondatuvida2025\/index.php\/wp-json\/wp\/v2\/pages\/2721\/revisions\/2726"}],"wp:attachment":[{"href":"https:\/\/re7.cl\/ondatuvida2025\/index.php\/wp-json\/wp\/v2\/media?parent=2721"}],"curies":[{"name":"wp","href":"https:\/\/api.w.org\/{rel}","templated":true}]}}